{"id":4416,"date":"2016-09-30T10:56:54","date_gmt":"2016-09-30T08:56:54","guid":{"rendered":"https:\/\/www.bocairent.org\/?page_id=4416"},"modified":"2021-02-05T11:49:45","modified_gmt":"2021-02-05T10:49:45","slug":"audioguia-2","status":"publish","type":"page","link":"https:\/\/www.bocairent.org\/ca\/audioguia-2\/","title":{"rendered":"Audioguia"},"content":{"rendered":"<h3 style=\"text-align: center;\">10 cap\u00edtols de la hist\u00f2ria i la cultura bocairentina en \u00e0udio mp3<\/h3>\n<p>&nbsp;<\/p>\n<p style=\"text-align: center;\"><a class=\"button\" href=\"https:\/\/www.bocairent.org\/wp-content\/uploads\/2016\/06\/mapa-audioguia-bocairent.pdf\" target=\"_blank\">pl\u00e0nol de situaci\u00f3<\/a><\/p>\n<p>&nbsp;<\/p>\n<div class=\"wp-playlist wp-audio-playlist wp-playlist-light\">\n\t\t\t<div class=\"wp-playlist-current-item\"><\/div>\n\t\t<audio controls=\"controls\" preload=\"none\" width=\"640\"\n\t\t\t><\/audio>\n\t<div class=\"wp-playlist-next\"><\/div>\n\t<div class=\"wp-playlist-prev\"><\/div>\n\t<noscript>\n\t<ol>\n\t\t<li><a href='https:\/\/www.bocairent.org\/wp-content\/uploads\/2016\/09\/bocairent_vlc_1.mp3'>Llegenda de Mariola<\/a><\/li><li><a href='https:\/\/www.bocairent.org\/wp-content\/uploads\/2016\/09\/bocairent_vlc_2.mp3'>Poemes d'Ibn-Ruhaim<\/a><\/li><li><a href='https:\/\/www.bocairent.org\/wp-content\/uploads\/2016\/09\/bocairent_vlc_3.mp3'>Carta Pobla<\/a><\/li><li><a href='https:\/\/www.bocairent.org\/wp-content\/uploads\/2016\/09\/bocairent_vlc_4.mp3'>Arquitectura<\/a><\/li><li><a href='https:\/\/www.bocairent.org\/wp-content\/uploads\/2016\/09\/bocairent_vlc_5.mp3'>Segle d'Or<\/a><\/li><li><a href='https:\/\/www.bocairent.org\/wp-content\/uploads\/2016\/09\/bocairent_vlc_6.mp3'>Ind\u00fastria t\u00e8xtil<\/a><\/li><li><a href='https:\/\/www.bocairent.org\/wp-content\/uploads\/2016\/09\/pista-7-valencia.mp3'>Patronatge de Sant Blai<\/a><\/li><li><a href='https:\/\/www.bocairent.org\/wp-content\/uploads\/2016\/09\/bocairent_vlc_8.mp3'>Festes<\/a><\/li><li><a href='https:\/\/www.bocairent.org\/wp-content\/uploads\/2016\/09\/bocairent_vlc_9.mp3'>Pla\u00e7a de Bous<\/a><\/li><li><a href='https:\/\/www.bocairent.org\/wp-content\/uploads\/2016\/09\/bocairent_vlc_10.mp3'>Batalla de Camorra<\/a><\/li>\t<\/ol>\n\t<\/noscript>\n\t<script type=\"application\/json\" class=\"wp-playlist-script\">{\"type\":\"audio\",\"tracklist\":true,\"tracknumbers\":true,\"images\":true,\"artists\":true,\"tracks\":[{\"src\":\"https:\/\/www.bocairent.org\/wp-content\/uploads\/2016\/09\/bocairent_vlc_1.mp3\",\"type\":\"audio\/mpeg\",\"title\":\"Llegenda de Mariola\",\"caption\":\"\",\"description\":\"\\\"bocairent_vlc_1\\\". G\\u00e9nero: Blues.\",\"meta\":{\"genre\":\"Blues\",\"length_formatted\":\"1:27\"},\"image\":{\"src\":\"https:\/\/www.bocairent.org\/wp-includes\/images\/media\/audio.svg\",\"width\":48,\"height\":64},\"thumb\":{\"src\":\"https:\/\/www.bocairent.org\/wp-includes\/images\/media\/audio.svg\",\"width\":48,\"height\":64}},{\"src\":\"https:\/\/www.bocairent.org\/wp-content\/uploads\/2016\/09\/bocairent_vlc_2.mp3\",\"type\":\"audio\/mpeg\",\"title\":\"Poemes d'Ibn-Ruhaim\",\"caption\":\"\",\"description\":\"\\\"bocairent_vlc_2\\\". G\\u00e9nero: Blues.\",\"meta\":{\"genre\":\"Blues\",\"length_formatted\":\"1:23\"},\"image\":{\"src\":\"https:\/\/www.bocairent.org\/wp-includes\/images\/media\/audio.svg\",\"width\":48,\"height\":64},\"thumb\":{\"src\":\"https:\/\/www.bocairent.org\/wp-includes\/images\/media\/audio.svg\",\"width\":48,\"height\":64}},{\"src\":\"https:\/\/www.bocairent.org\/wp-content\/uploads\/2016\/09\/bocairent_vlc_3.mp3\",\"type\":\"audio\/mpeg\",\"title\":\"Carta Pobla\",\"caption\":\"\",\"description\":\"\\\"bocairent_vlc_3\\\". G\\u00e9nero: Blues.\",\"meta\":{\"genre\":\"Blues\",\"length_formatted\":\"1:04\"},\"image\":{\"src\":\"https:\/\/www.bocairent.org\/wp-includes\/images\/media\/audio.svg\",\"width\":48,\"height\":64},\"thumb\":{\"src\":\"https:\/\/www.bocairent.org\/wp-includes\/images\/media\/audio.svg\",\"width\":48,\"height\":64}},{\"src\":\"https:\/\/www.bocairent.org\/wp-content\/uploads\/2016\/09\/bocairent_vlc_4.mp3\",\"type\":\"audio\/mpeg\",\"title\":\"Arquitectura\",\"caption\":\"\",\"description\":\"\\\"bocairent_vlc_4\\\". G\\u00e9nero: Blues.\",\"meta\":{\"genre\":\"Blues\",\"length_formatted\":\"0:55\"},\"image\":{\"src\":\"https:\/\/www.bocairent.org\/wp-includes\/images\/media\/audio.svg\",\"width\":48,\"height\":64},\"thumb\":{\"src\":\"https:\/\/www.bocairent.org\/wp-includes\/images\/media\/audio.svg\",\"width\":48,\"height\":64}},{\"src\":\"https:\/\/www.bocairent.org\/wp-content\/uploads\/2016\/09\/bocairent_vlc_5.mp3\",\"type\":\"audio\/mpeg\",\"title\":\"Segle d'Or\",\"caption\":\"\",\"description\":\"\\\"bocairent_vlc_5\\\". G\\u00e9nero: Blues.\",\"meta\":{\"genre\":\"Blues\",\"length_formatted\":\"1:38\"},\"image\":{\"src\":\"https:\/\/www.bocairent.org\/wp-includes\/images\/media\/audio.svg\",\"width\":48,\"height\":64},\"thumb\":{\"src\":\"https:\/\/www.bocairent.org\/wp-includes\/images\/media\/audio.svg\",\"width\":48,\"height\":64}},{\"src\":\"https:\/\/www.bocairent.org\/wp-content\/uploads\/2016\/09\/bocairent_vlc_6.mp3\",\"type\":\"audio\/mpeg\",\"title\":\"Ind\\u00fastria t\\u00e8xtil\",\"caption\":\"\",\"description\":\"\\\"bocairent_vlc_6\\\".\",\"meta\":[],\"image\":{\"src\":\"https:\/\/www.bocairent.org\/wp-includes\/images\/media\/audio.svg\",\"width\":48,\"height\":64},\"thumb\":{\"src\":\"https:\/\/www.bocairent.org\/wp-includes\/images\/media\/audio.svg\",\"width\":48,\"height\":64}},{\"src\":\"https:\/\/www.bocairent.org\/wp-content\/uploads\/2016\/09\/pista-7-valencia.mp3\",\"type\":\"audio\/mpeg\",\"title\":\"Patronatge de Sant Blai\",\"caption\":\"\",\"description\":\"\\\"pista 7 valencia\\\".\",\"meta\":{\"length_formatted\":\"1:00\"},\"image\":{\"src\":\"https:\/\/www.bocairent.org\/wp-includes\/images\/media\/audio.svg\",\"width\":48,\"height\":64},\"thumb\":{\"src\":\"https:\/\/www.bocairent.org\/wp-includes\/images\/media\/audio.svg\",\"width\":48,\"height\":64}},{\"src\":\"https:\/\/www.bocairent.org\/wp-content\/uploads\/2016\/09\/bocairent_vlc_8.mp3\",\"type\":\"audio\/mpeg\",\"title\":\"Festes\",\"caption\":\"\",\"description\":\"\\\"bocairent_vlc_8\\\". G\\u00e9nero: Blues.\",\"meta\":{\"genre\":\"Blues\",\"length_formatted\":\"1:24\"},\"image\":{\"src\":\"https:\/\/www.bocairent.org\/wp-includes\/images\/media\/audio.svg\",\"width\":48,\"height\":64},\"thumb\":{\"src\":\"https:\/\/www.bocairent.org\/wp-includes\/images\/media\/audio.svg\",\"width\":48,\"height\":64}},{\"src\":\"https:\/\/www.bocairent.org\/wp-content\/uploads\/2016\/09\/bocairent_vlc_9.mp3\",\"type\":\"audio\/mpeg\",\"title\":\"Pla\\u00e7a de Bous\",\"caption\":\"\",\"description\":\"\\\"bocairent_vlc_9\\\". G\\u00e9nero: Blues.\",\"meta\":{\"genre\":\"Blues\",\"length_formatted\":\"0:56\"},\"image\":{\"src\":\"https:\/\/www.bocairent.org\/wp-includes\/images\/media\/audio.svg\",\"width\":48,\"height\":64},\"thumb\":{\"src\":\"https:\/\/www.bocairent.org\/wp-includes\/images\/media\/audio.svg\",\"width\":48,\"height\":64}},{\"src\":\"https:\/\/www.bocairent.org\/wp-content\/uploads\/2016\/09\/bocairent_vlc_10.mp3\",\"type\":\"audio\/mpeg\",\"title\":\"Batalla de Camorra\",\"caption\":\"\",\"description\":\"\\\"bocairent_vlc_10\\\". G\\u00e9nero: Blues.\",\"meta\":{\"genre\":\"Blues\",\"length_formatted\":\"0:53\"},\"image\":{\"src\":\"https:\/\/www.bocairent.org\/wp-includes\/images\/media\/audio.svg\",\"width\":48,\"height\":64},\"thumb\":{\"src\":\"https:\/\/www.bocairent.org\/wp-includes\/images\/media\/audio.svg\",\"width\":48,\"height\":64}}]}<\/script>\n<\/div>\n\t\n<p>&nbsp;<\/p>\n","protected":false},"excerpt":{"rendered":"<p>10 cap\u00edtols de la hist\u00f2ria i la cultura bocairentina en \u00e0udio mp3 &nbsp; pl\u00e0nol de situaci\u00f3 &nbsp; &nbsp;<\/p>\n","protected":false},"author":1,"featured_media":0,"parent":0,"menu_order":0,"comment_status":"closed","ping_status":"closed","template":"page_f.php","meta":{"footnotes":""},"class_list":["post-4416","page","type-page","status-publish","hentry"],"_links":{"self":[{"href":"https:\/\/www.bocairent.org\/ca\/wp-json\/wp\/v2\/pages\/4416","targetHints":{"allow":["GET"]}}],"collection":[{"href":"https:\/\/www.bocairent.org\/ca\/wp-json\/wp\/v2\/pages"}],"about":[{"href":"https:\/\/www.bocairent.org\/ca\/wp-json\/wp\/v2\/types\/page"}],"author":[{"embeddable":true,"href":"https:\/\/www.bocairent.org\/ca\/wp-json\/wp\/v2\/users\/1"}],"replies":[{"embeddable":true,"href":"https:\/\/www.bocairent.org\/ca\/wp-json\/wp\/v2\/comments?post=4416"}],"version-history":[{"count":7,"href":"https:\/\/www.bocairent.org\/ca\/wp-json\/wp\/v2\/pages\/4416\/revisions"}],"predecessor-version":[{"id":7195,"href":"https:\/\/www.bocairent.org\/ca\/wp-json\/wp\/v2\/pages\/4416\/revisions\/7195"}],"wp:attachment":[{"href":"https:\/\/www.bocairent.org\/ca\/wp-json\/wp\/v2\/media?parent=4416"}],"curies":[{"name":"wp","href":"https:\/\/api.w.org\/{rel}","templated":true}]}}