{"id":4456,"date":"2016-10-03T12:06:20","date_gmt":"2016-10-03T10:06:20","guid":{"rendered":"https:\/\/www.bocairent.org\/?page_id=4456"},"modified":"2023-07-03T19:51:42","modified_gmt":"2023-07-03T17:51:42","slug":"la-serra-mariola","status":"publish","type":"page","link":"https:\/\/www.bocairent.org\/ca\/la-serra-mariola\/","title":{"rendered":"La Serra Mariola"},"content":{"rendered":"<div class=\"one withsmallpadding \" >\n<div class=\"page_content_wrapper\">\n<div style=\"text-align:center\">\n<h2 class=\"ppb_title\">Un parc natural<br \/>molt ric en flora i fauna<\/h2>\n<div class=\"page_caption_desc\">Amb nombrosos vestigis de l&#8217;aprofitament de les mat\u00e8ries primeres<\/div>\n<\/div>\n<div style=\"text-align:center\">\n<p>La serra de Mariola va ser declarada Parc Natural el 8 de gener de 2002. Amb una extensi\u00f3 de 16.000 hect\u00e0rees, situades entre les comarques de la Vall d\u2019Albaida, l&#8217;Alcoi\u00e0 i el Comtat, inclou els municipis d&#8217;Agres, Alcoi, Alfafara, Banyeres de Mariola, Bocairent, Cocentaina i Muro. Destaca per les abundants fonts, els nombrosos masos i una gran xarxa de camins, que evidencien la intensa activitat d&#8217;aprofitament dels recursos naturals duta a terme pels seus antics pobladors: nevaters, pastors, llenyaters, etc.<\/p>\n<p>Un dels signes d&#8217;identitat m\u00e9s importants s\u00f3n les caves, construccions per a l&#8217;emmagatzemament de la neu, en explotaci\u00f3 entre els segles XVI-XX. Altres elements constructius s\u00f3n els masos, els castells i les ermites.<\/p>\n<\/div>\n<\/div>\n<\/div>\n<div class=\"one withsmallpadding withbg parallax\"  data-image=\"https:\/\/www.bocairent.org\/wp-content\/uploads\/2016\/05\/natura.jpg\" data-width=\"1600\" data-height=\"1200\">\n<div class=\"page_content_wrapper\">\n<div style=\"background-color: rgba(0, 0, 0, 0.4); margin:20px 0 0 0; padding: 20px; text-align:center;\">\n<h1 style=\"font-size:26px;font-weight:bold\">FLORA I FAUNA<\/h1>\n<p>El seu paisatge vegetal, amb m\u00e9s de 1.400 plantes catalogades, \u00e9s sens dubte un magn\u00edfic exponent de biodiversitat d&#8217;esp\u00e8cies amb propietats arom\u00e0tiques i medicinals: s\u00e0lvia, camomil\u00b7la, tim\u00f3, rabet de gat, hip\u00e8ric, t\u00e9 de roca\u2026 Moltes d\u2019aquestes herbes formen part de l\u2019elaboraci\u00f3 de begudes, com a condiment culinari, com a remei d\u2019infinitat d\u2019afeccions, en l\u2019elaboraci\u00f3 de perfums\u2026 La major part de la serra est\u00e0 coberta de pins i matoll amb petorreres, argelagues, estepes, carrasques, teixeres&#8230;<\/p>\n<p>La fauna la formen amfibis, r\u00e8ptils, aus (pins\u00e0, perdiu, gafarr\u00f3,\u2026rapinyaires di\u00fcrnes com l\u2019\u00e0guila reial, el falc\u00f3 pelegr\u00ed o l&#8217;astor; i nocturnes, com el duc, el gamar\u00fas, l&#8217;\u00f2liba\u2026) i mam\u00edfers (porc senglar, conill, gat salvatge, fagina, mostela, geneta, teix\u00f3, rabosa\u2026).\n<\/p>\n<\/div>\n<\/div>\n<\/div>\n<div class=\"one withsmallpadding \" >\n<div class=\"page_content_wrapper\">\n<div style=\"text-align:center\">\n<h2 class=\"ppb_title\">El riu Vinalop\u00f3 i el Montcabrer<\/h2>\n<div class=\"page_caption_desc\">Dos llocs emblem\u00e0tics<\/div>\n<\/div>\n<div style=\"text-align:center\">\n<p style=\"margin-bottom:20px\">Cal mencionar tamb\u00e9 el <strong>riu Vinalop\u00f3<\/strong> que naix al seu interior i el pic del <strong>Montcabrer<\/strong>, que \u00e9s el cim m\u00e9s alt del parc amb 1.390 m. Es pot accedir a estos i altres punts d&#8217;inter\u00e9s a trav\u00e9s de diferents senders.<\/p>\n<p><a class=\"button small \" onclick=\"window.open('tourcats\/a-peu\/', '_self')\">Veure rutes<\/a>\n<\/div>\n<\/div>\n<\/div>\n<div class=\"one withsmallpadding \" style=\"background-color:#ececec\" >\n<div class=\"page_content_wrapper\">\n<div style=\"text-align:center\">\n<h2 class=\"ppb_title\">Video Fundaci\u00f3 Serra Mariola<\/h2>\n<div class=\"page_caption_desc\">Viu-la amb els 7 sentits<\/div>\n<\/div>\n<p><iframe loading=\"lazy\" width=\"960\" height=\"540\" src=\"https:\/\/www.youtube.com\/embed\/AbudqYJrMR4?rel=0&#038;showinfo=0\" frameborder=\"0\" allowfullscreen><\/iframe><\/p>\n<div style=\"text-align:center\"><a href=\"http:\/\/serramariola.org\/\" target=\"_blank\" rel=\"noopener\"><img decoding=\"async\" src=\"https:\/\/www.bocairent.org\/wp-content\/uploads\/2017\/01\/logo-serra-mariola.png\"><\/a><\/div>\n<\/div>\n<\/div>\n<div class=\"one withsmallpadding \" >\n<div class=\"page_content_wrapper\">\n<div style=\"text-align:center\">\n<div style=\"text-align:center\">\n<h2 class=\"ppb_title\">INFORMACI\u00d3 DEL PARC<\/h2>\n<div class=\"page_caption_desc\">Dades d&#8217;inter\u00e9s<\/div>\n<\/div>\n<p style=\"margin-bottom:20px\">La xarxa de parcs naturals de la Comunitat Valenciana ofereix tambe informaci\u00f3 detallada sobre la Serra Mariola, consells per a la visita, activitats,\u2026 El Centre de Visitants d&#8217;Ull de Canals en Banyeres de Mariola \u00e9s un bon punt de partida per iniciar la visita.<\/p>\n<p><a class=\"button small \" onclick=\"window.open('http:\/\/www.parquesnaturales.gva.es\/web\/pn-serra-de-mariola\/planea-tu-visita', '_self')\">Web del Parc Natural<\/a>\n<\/div>\n<\/div>\n<\/div>\n<div class=\"one ppb_gallery withpadding \" \">\n<div class=\"page_content_wrapper full_width\" style=\"text-align:center\">\n<h2 class=\"ppb_title\">Imatges de la Serra Mariola<\/h2>\n<div class=\"three_cols fullwidth portfolio_filter_wrapper gallery section content clearfix\">\n<div class=\"element portfolio3filter_wrapper\">\n<div class=\"one_third gallery3 filterable gallery_type animated1 \"><a title=\"Serra Mariola \u00a9J.A. Bernat Bacete\" class=\"fancy-gallery\" href=\"https:\/\/www.bocairent.org\/wp-content\/uploads\/2016\/09\/serra-Jose-A.-Bernat-Bacete02.jpg\"><img decoding=\"async\" src=\"https:\/\/www.bocairent.org\/wp-content\/uploads\/2016\/09\/serra-Jose-A.-Bernat-Bacete02-560x460.jpg\" alt=\"Serra Mariola\" class=\"\"\/><\/p>\n<div class=\"thumb_content\">\n<h3>Serra Mariola \u00a9J.A. Bernat Bacete<\/h3>\n<\/p><\/div>\n<p>\t\t\t    \t\t<\/a><\/div>\n<\/div>\n<div class=\"element portfolio3filter_wrapper\">\n<div class=\"one_third gallery3 filterable gallery_type animated2 \"><a title=\"Serra Mariola \u00a9J.A. Bernat Bacete\" class=\"fancy-gallery\" href=\"https:\/\/www.bocairent.org\/wp-content\/uploads\/2016\/09\/serra-Jose-A.-Bernat-Bacete01.jpg\"><img decoding=\"async\" src=\"https:\/\/www.bocairent.org\/wp-content\/uploads\/2016\/09\/serra-Jose-A.-Bernat-Bacete01-560x460.jpg\" alt=\"Serra Mariola\" class=\"\"\/><\/p>\n<div class=\"thumb_content\">\n<h3>Serra Mariola \u00a9J.A. Bernat Bacete<\/h3>\n<\/p><\/div>\n<p>\t\t\t    \t\t<\/a><\/div>\n<\/div>\n<div class=\"element portfolio3filter_wrapper\">\n<div class=\"one_third gallery3 filterable gallery_type animated3 \"><a title=\"Serra Mariola \u00a9Juan Sanz\" class=\"fancy-gallery\" href=\"https:\/\/www.bocairent.org\/wp-content\/uploads\/2016\/09\/serra-Juan-Sanz01.jpg\"><img decoding=\"async\" src=\"https:\/\/www.bocairent.org\/wp-content\/uploads\/2016\/09\/serra-Juan-Sanz01-560x460.jpg\" alt=\"Serra Mariola\" class=\"\"\/><\/p>\n<div class=\"thumb_content\">\n<h3>Serra Mariola \u00a9Juan Sanz<\/h3>\n<\/p><\/div>\n<p>\t\t\t    \t\t<\/a><\/div>\n<\/div>\n<div class=\"element portfolio3filter_wrapper\">\n<div class=\"one_third gallery3 filterable gallery_type animated4 last\"><a title=\"Serra Mariola \u00a9Juan Sanz\" class=\"fancy-gallery\" href=\"https:\/\/www.bocairent.org\/wp-content\/uploads\/2016\/09\/serra-Juan-Sanz02.jpg\"><img decoding=\"async\" src=\"https:\/\/www.bocairent.org\/wp-content\/uploads\/2016\/09\/serra-Juan-Sanz02-560x460.jpg\" alt=\"Serra Mariola\" class=\"\"\/><\/p>\n<div class=\"thumb_content\">\n<h3>Serra Mariola \u00a9Juan Sanz<\/h3>\n<\/p><\/div>\n<p>\t\t\t    \t\t<\/a><\/div>\n<\/div>\n<div class=\"element portfolio3filter_wrapper\">\n<div class=\"one_third gallery3 filterable gallery_type animated5 \"><a title=\"Serra Mariola \u00a9Juan Sanz\" class=\"fancy-gallery\" href=\"https:\/\/www.bocairent.org\/wp-content\/uploads\/2016\/09\/serra-Juan-Sanz03.jpg\"><img decoding=\"async\" src=\"https:\/\/www.bocairent.org\/wp-content\/uploads\/2016\/09\/serra-Juan-Sanz03-560x460.jpg\" alt=\"Serra Mariola\" class=\"\"\/><\/p>\n<div class=\"thumb_content\">\n<h3>Serra Mariola \u00a9Juan Sanz<\/h3>\n<\/p><\/div>\n<p>\t\t\t    \t\t<\/a><\/div>\n<\/div>\n<div class=\"element portfolio3filter_wrapper\">\n<div class=\"one_third gallery3 filterable gallery_type animated6 \"><a title=\"Serra Mariola \u00a9J. Miguel Cabanes\" class=\"fancy-gallery\" href=\"https:\/\/www.bocairent.org\/wp-content\/uploads\/2016\/09\/serra-Jose-Miguel-Cabanes-Frances02.jpg\"><img decoding=\"async\" src=\"https:\/\/www.bocairent.org\/wp-content\/uploads\/2016\/09\/serra-Jose-Miguel-Cabanes-Frances02-560x460.jpg\" alt=\"Serra Mariola\" class=\"\"\/><\/p>\n<div class=\"thumb_content\">\n<h3>Serra Mariola \u00a9J. Miguel Cabanes<\/h3>\n<\/p><\/div>\n<p>\t\t\t    \t\t<\/a><\/div>\n<\/div>\n<div class=\"element portfolio3filter_wrapper\">\n<div class=\"one_third gallery3 filterable gallery_type animated7 \"><a title=\"Serra Mariola \u00a9Manolo Alarte\" class=\"fancy-gallery\" href=\"https:\/\/www.bocairent.org\/wp-content\/uploads\/2016\/09\/serra-Manolo-Alarte01.jpg\"><img decoding=\"async\" src=\"https:\/\/www.bocairent.org\/wp-content\/uploads\/2016\/09\/serra-Manolo-Alarte01-560x460.jpg\" alt=\"Serra Mariola\" class=\"\"\/><\/p>\n<div class=\"thumb_content\">\n<h3>Serra Mariola \u00a9Manolo Alarte<\/h3>\n<\/p><\/div>\n<p>\t\t\t    \t\t<\/a><\/div>\n<\/div>\n<div class=\"element portfolio3filter_wrapper\">\n<div class=\"one_third gallery3 filterable gallery_type animated8 last\"><a title=\"Serra Mariola \u00a9J. Miguel Cabanes\" class=\"fancy-gallery\" href=\"https:\/\/www.bocairent.org\/wp-content\/uploads\/2016\/09\/serra-Jose-Miguel-Cabanes-Frances03.jpg\"><img decoding=\"async\" src=\"https:\/\/www.bocairent.org\/wp-content\/uploads\/2016\/09\/serra-Jose-Miguel-Cabanes-Frances03-560x460.jpg\" alt=\"Serra Mariola\" class=\"\"\/><\/p>\n<div class=\"thumb_content\">\n<h3>Serra Mariola \u00a9J. Miguel Cabanes<\/h3>\n<\/p><\/div>\n<p>\t\t\t    \t\t<\/a><\/div>\n<\/div>\n<div class=\"element portfolio3filter_wrapper\">\n<div class=\"one_third gallery3 filterable gallery_type animated9 \"><a title=\"Serra Mariola \u00a9J. Miguel Cabanes\" class=\"fancy-gallery\" href=\"https:\/\/www.bocairent.org\/wp-content\/uploads\/2016\/09\/serra-Jose-Miguel-Cabanes-Frances01.jpg\"><img decoding=\"async\" src=\"https:\/\/www.bocairent.org\/wp-content\/uploads\/2016\/09\/serra-Jose-Miguel-Cabanes-Frances01-560x460.jpg\" alt=\"Serra Mariola\" class=\"\"\/><\/p>\n<div class=\"thumb_content\">\n<h3>Serra Mariola \u00a9J. Miguel Cabanes<\/h3>\n<\/p><\/div>\n<p>\t\t\t    \t\t<\/a><\/div>\n<\/div>\n<\/div>\n<\/div>\n<\/div>\n","protected":false},"excerpt":{"rendered":"<p>Parc Natural de la Comunitat Valenciana<\/p>\n","protected":false},"author":1,"featured_media":3250,"parent":0,"menu_order":0,"comment_status":"closed","ping_status":"closed","template":"page-destination.php","meta":{"footnotes":""},"class_list":["post-4456","page","type-page","status-publish","has-post-thumbnail","hentry"],"_links":{"self":[{"href":"https:\/\/www.bocairent.org\/ca\/wp-json\/wp\/v2\/pages\/4456","targetHints":{"allow":["GET"]}}],"collection":[{"href":"https:\/\/www.bocairent.org\/ca\/wp-json\/wp\/v2\/pages"}],"about":[{"href":"https:\/\/www.bocairent.org\/ca\/wp-json\/wp\/v2\/types\/page"}],"author":[{"embeddable":true,"href":"https:\/\/www.bocairent.org\/ca\/wp-json\/wp\/v2\/users\/1"}],"replies":[{"embeddable":true,"href":"https:\/\/www.bocairent.org\/ca\/wp-json\/wp\/v2\/comments?post=4456"}],"version-history":[{"count":10,"href":"https:\/\/www.bocairent.org\/ca\/wp-json\/wp\/v2\/pages\/4456\/revisions"}],"predecessor-version":[{"id":10826,"href":"https:\/\/www.bocairent.org\/ca\/wp-json\/wp\/v2\/pages\/4456\/revisions\/10826"}],"wp:featuredmedia":[{"embeddable":true,"href":"https:\/\/www.bocairent.org\/ca\/wp-json\/wp\/v2\/media\/3250"}],"wp:attachment":[{"href":"https:\/\/www.bocairent.org\/ca\/wp-json\/wp\/v2\/media?parent=4456"}],"curies":[{"name":"wp","href":"https:\/\/api.w.org\/{rel}","templated":true}]}}