{"id":4482,"date":"2016-10-03T13:08:05","date_gmt":"2016-10-03T11:08:05","guid":{"rendered":"https:\/\/www.bocairent.org\/?page_id=4482"},"modified":"2025-05-07T18:44:33","modified_gmt":"2025-05-07T16:44:33","slug":"inici","status":"publish","type":"page","link":"https:\/\/www.bocairent.org\/ca\/","title":{"rendered":"Inici"},"content":{"rendered":"<div class=\"one withsmallpadding \" style=\"padding-top: 30px; padding-bottom: 0px;\" >\n<div class=\"page_content_wrapper\">\n<div class=\"one_half \">\n<p><a href=\"https:\/\/gymkanaturistica.com\/game\/?pin=bocairent\" target=\"blank\" rel=\"noopener\"><img loading=\"lazy\" decoding=\"async\" class=\"size-full wp-image-11378 aligncenter\" src=\"https:\/\/www.bocairent.org\/wp-content\/uploads\/2024\/01\/GDT_Banner-Horizontal-350x235-1.png\" alt=\"\" width=\"349\" height=\"234\" srcset=\"https:\/\/www.bocairent.org\/wp-content\/uploads\/2024\/01\/GDT_Banner-Horizontal-350x235-1.png 349w, https:\/\/www.bocairent.org\/wp-content\/uploads\/2024\/01\/GDT_Banner-Horizontal-350x235-1-300x201.png 300w, https:\/\/www.bocairent.org\/wp-content\/uploads\/2024\/01\/GDT_Banner-Horizontal-350x235-1-150x101.png 150w\" sizes=\"auto, (max-width: 349px) 100vw, 349px\" \/><\/a><\/p>\n<\/div>\n<div class=\"one_half last \">\n<h6>Juga amb el m\u00f2bil i descarrega la gymkana <a href=\"https:\/\/gymkanaturistica.com\/game\/?pin=bocairent\">AC\u00cd<\/h6>\n<ul>\n<li>12 enigmes<\/li>\n<li>1,5 km de dist\u00e0ncia<\/li>\n<li>60 minuts de duraci\u00f3<\/li>\n<\/ul>\n<\/div>\n<\/div>\n<\/div>\n<div class=\"one withsmallpadding \" style=\"padding-bottom: 0px;\" >\n<div class=\"page_content_wrapper\">\n<hr>\n<\/div>\n<\/div>\n<div class=\"one withpadding ppb_team \" >\n<div class=\"page_content_wrapper\" style=\"text-align:center\">\n<h2 class=\"ppb_title\">QU\u00c8 POTS VEURE A BOCAIRENT<\/h2>\n<div class=\"team_wrapper\">\n<div class=\"one_fourth animated1 \">\n<div class=\"post_img static team animate static\" style=\"margin-bottom:10px\"><img decoding=\"async\" class=\"team_pic\" src=\"https:\/\/www.bocairent.org\/wp-content\/uploads\/2016\/05\/monuments-456x456.jpg\" alt=\"\"\/><\/div>\n<p><br class=\"clear\"\/><\/p>\n<div id=\"portfolio_desc_4481\" class=\"portfolio_desc team shortcode \">\n<h5>Monuments<\/h5>\n<p><span class=\"portfolio_excerpt\">Conjunt historicoart\u00edstic<\/span><\/p>\n<p><p>El nucli antic, les covetes dels moros, la cava o pou de neu, la pla\u00e7a de bous, el monestir rupestre, les fonts i els ponts, l&#8217;esgl\u00e9sia parroquial&#8230;<\/p>\n<p>&nbsp;<\/p>\n<h6><a class=\"button\" href=\"tourcats\/monumentos\/\">Veure tots<\/a><\/h6>\n<\/p>\n<\/div>\n<\/div>\n<div class=\"one_fourth animated2 \">\n<div class=\"post_img static team animate static\" style=\"margin-bottom:10px\"><img decoding=\"async\" class=\"team_pic\" src=\"https:\/\/www.bocairent.org\/wp-content\/uploads\/2016\/05\/museus-b-456x456.jpg\" alt=\"\"\/><\/div>\n<p><br class=\"clear\"\/><\/p>\n<div id=\"portfolio_desc_4480\" class=\"portfolio_desc team shortcode \">\n<h5>Museus<\/h5>\n<p><span class=\"portfolio_excerpt\">Hist\u00f2ria, festa, art i costums<\/span><\/p>\n<p><p>El museu arqueol\u00f2gic, el d&#8217;Antonio Ferri, el museu parroquial, el MOCB (museu d&#8217;oficis i costums), el museu fester,&#8230;<\/p>\n<p>&nbsp;<\/p>\n<h6><a class=\"button\" href=\"tourcats\/museos\/\">Veure tot<\/a><\/h6>\n<\/p>\n<\/div>\n<\/div>\n<div class=\"one_fourth animated3 \">\n<div class=\"post_img static team animate static\" style=\"margin-bottom:10px\"><img decoding=\"async\" class=\"team_pic\" src=\"https:\/\/www.bocairent.org\/wp-content\/uploads\/2016\/05\/natura-456x456.jpg\" alt=\"\"\/><\/div>\n<p><br class=\"clear\"\/><\/p>\n<div id=\"portfolio_desc_4479\" class=\"portfolio_desc team shortcode \">\n<h5>Espais Naturals<\/h5>\n<p><span class=\"portfolio_excerpt\">Amb una ubicaci\u00f3 privilegiada<\/span><\/p>\n<p>El parc natural de la Serra Mariola, el riu Clari\u00e0, el naixement del riu Vinalop\u00f3, el paisatge agr\u00edcola, rutes i senders&#8230;<\/p>\n<p>&nbsp;<\/p>\n<p><a class=\"button\" href=\"https:\/\/www.bocairent.org\/ca\/la-serra-mariola\/\">Veure tot<\/a><\/p>\n<\/div>\n<\/div>\n<div class=\"one_fourth animated4 last\">\n<div class=\"post_img static team animate static\" style=\"margin-bottom:10px\"><img decoding=\"async\" class=\"team_pic\" src=\"https:\/\/www.bocairent.org\/wp-content\/uploads\/2016\/05\/festes-456x456.jpg\" alt=\"\"\/><\/div>\n<p><br class=\"clear\"\/><\/p>\n<div id=\"portfolio_desc_4478\" class=\"portfolio_desc team shortcode last\">\n<h5>Festes<\/h5>\n<p><span class=\"portfolio_excerpt\">De festa en festa, mes a mes<\/span><\/p>\n<p><p>La festa de Moros i Cristians, amb arrels que es remunten al segle XVI; les belles danses d&#8217;estiu i la cavalcada dels Cabolos&#8230;<\/p>\n<p>&nbsp;<\/p>\n<h6><a class=\"button\" href=\"tourcats\/fiestas\/\">Veure tot<\/a><\/h6>\n<\/p>\n<\/div>\n<\/div>\n<p><br class=\"clear\"\/><\/div>\n<\/div>\n<\/div>\n<div class=\"ppb_tour one withpadding \" style=\"background-color:#eee\" >\n<div class=\"page_content_wrapper \" style=\"text-align:center\">\n<h2 class=\"ppb_title\">EXPERI\u00c8NCIES A BOCAIRENT: FES \u00daNICA LA TEUA VISITA<\/h2>\n<div class=\"page_caption_desc\"><a href=\"canal-experiencies\">veure totes les experi\u00e8ncies<\/a><\/div>\n<div class=\"portfolio_filter_wrapper three_cols shortcode gallery section content clearfix\">\n<div class=\"element portfolio3filter_wrapper\">\n<div class=\"one_third gallery3 filterable gallery_type animated1\"><a href=\"https:\/\/www.bocairent.org\/ca\/tours\/escapat-en-parella-a-un-hotel-amb-molt-dencant\/\"><br \/>\n        \t\t    <img decoding=\"async\" src=\"https:\/\/www.bocairent.org\/wp-content\/uploads\/2020\/11\/china01-560x460.jpg\" alt=\"\" \/><br \/>\n        \t\t<\/a><\/p>\n<div class=\"thumb_content  classic\">\n<div class=\"thumb_title\">\n<h3>Escapa&#8217;t en parella a un hotel amb molt d&#8217;encant<\/h3>\n<\/p><\/div>\n<div class=\"thumb_meta\">\n<div class=\"tour_price\">\n\t            \t\t110\u20ac pax\n\t            \t<\/div>\n<\/div>\n<\/div>\n<\/div>\n<\/div>\n<div class=\"element portfolio3filter_wrapper\">\n<div class=\"one_third gallery3 filterable gallery_type animated2\"><a href=\"https:\/\/www.bocairent.org\/ca\/tours\/gastronomia-local-tapes-i-menjar-casola\/\"><br \/>\n        \t\t    <img decoding=\"async\" src=\"https:\/\/www.bocairent.org\/wp-content\/uploads\/2020\/11\/bar-sifo01-1024x683-1-560x460.jpg\" alt=\"\" \/><br \/>\n        \t\t<\/a><\/p>\n<div class=\"thumb_content  classic\">\n<div class=\"thumb_title\">\n<h3>Gastronomia local: tapes i menjar casol\u00e0<\/h3>\n<\/p><\/div>\n<div class=\"thumb_meta\">\n<div class=\"tour_price\">\n\t            \t\t17\u20ac\n\t            \t<\/div>\n<\/div>\n<\/div>\n<\/div>\n<\/div>\n<div class=\"element portfolio3filter_wrapper\">\n<div class=\"one_third gallery3 filterable gallery_type animated3\"><a href=\"https:\/\/www.bocairent.org\/ca\/tours\/degustacio-de-carn-embotits-i-verdures-a-la-brasa\/\"><br \/>\n        \t\t    <img decoding=\"async\" src=\"https:\/\/www.bocairent.org\/wp-content\/uploads\/2020\/11\/meson-gandia01-560x460.jpg\" alt=\"\" \/><br \/>\n        \t\t<\/a><\/p>\n<div class=\"thumb_content  classic\">\n<div class=\"thumb_title\">\n<h3>Degustaci\u00f3 de carn, embotits i verdures brasa<\/h3>\n<\/p><\/div>\n<div class=\"thumb_meta\"><\/div>\n<\/div>\n<\/div>\n<\/div>\n<\/div>\n<\/div>\n<\/div>\n<div class=\"one withpadding ppb_team \" >\n<div class=\"page_content_wrapper\" style=\"text-align:center\">\n<h2 class=\"ppb_title\">QU\u00c8 POTS FER A BOCAIRENT<\/h2>\n<div class=\"team_wrapper\">\n<div class=\"one_fourth animated1 \">\n<div class=\"post_img static team animate static\" style=\"margin-bottom:10px\"><img decoding=\"async\" class=\"team_pic\" src=\"https:\/\/www.bocairent.org\/wp-content\/uploads\/2016\/05\/apie.jpg\" alt=\"\"\/><\/div>\n<p><br class=\"clear\"\/><\/p>\n<div id=\"portfolio_desc_4477\" class=\"portfolio_desc team shortcode \">\n<h5>A peu<\/h5>\n<p><span class=\"portfolio_excerpt\">Passejades i rutes<\/span><\/p>\n<p><a class=\"button\" href=\"tourcats\/a-pie\/\">Veure rutes<\/a><\/p>\n<\/div>\n<\/div>\n<div class=\"one_fourth animated2 \">\n<div class=\"post_img static team animate static\" style=\"margin-bottom:10px\"><img decoding=\"async\" class=\"team_pic\" src=\"https:\/\/www.bocairent.org\/wp-content\/uploads\/2016\/05\/enbici.jpg\" alt=\"\"\/><\/div>\n<p><br class=\"clear\"\/><\/p>\n<div id=\"portfolio_desc_4476\" class=\"portfolio_desc team shortcode \">\n<h5>Amb bici<\/h5>\n<p><span class=\"portfolio_excerpt\">Via verda i rutes btt<\/span><\/p>\n<p><a class=\"button\" href=\"tourcats\/en-bici\/\">Veure rutes<\/a><\/p>\n<\/div>\n<\/div>\n<div class=\"one_fourth animated3 \">\n<div class=\"post_img static team animate static\" style=\"margin-bottom:10px\"><img decoding=\"async\" class=\"team_pic\" src=\"https:\/\/www.bocairent.org\/wp-content\/uploads\/2016\/05\/enfamilia.jpg\" alt=\"\"\/><\/div>\n<p><br class=\"clear\"\/><\/p>\n<div id=\"portfolio_desc_4475\" class=\"portfolio_desc team shortcode \">\n<h5>En fam\u00edlia<\/h5>\n<p><span class=\"portfolio_excerpt\">Activitats amb xiquets<\/span><\/p>\n<p><a class=\"button\" href=\"tourcats\/en-familia\/\">Veure activitats<\/a><\/p>\n<\/div>\n<\/div>\n<div class=\"one_fourth animated4 last\">\n<div class=\"post_img static team animate static\" style=\"margin-bottom:10px\"><img decoding=\"async\" class=\"team_pic\" src=\"https:\/\/www.bocairent.org\/wp-content\/uploads\/2020\/10\/herbero-456x456.jpg\" alt=\"\"\/><\/div>\n<p><br class=\"clear\"\/><\/p>\n<div id=\"portfolio_desc_7021\" class=\"portfolio_desc team shortcode last\">\n<h5>Gastronomia<\/h5>\n<p><span class=\"portfolio_excerpt\">sabors de Mariola<\/span><\/p>\n<p><a class=\"button\" href=\"gastronomia\/\">Veure gastronomia<\/a><\/p>\n<\/div>\n<\/div>\n<p><br class=\"clear\"\/><\/div>\n<\/div>\n<\/div>\n<div class=\"one withsmallpadding withbg  \"style=\"background-image:url(https:\/\/www.bocairent.org\/wp-content\/uploads\/2016\/05\/pedra.jpg);background-size:cover;\" >\n<div class=\"page_content_wrapper\" style=\"text-align:center\">\n<h2 class=\"ppb_title\">Qu\u00e8 necessitar\u00e0s<\/h2>\n<div style=\"height:20px\"><\/div>\n<p><\/p>\n<div class=\"service_content_wrapper \">\n<div class=\"one_third \">\n<div class=\"service_wrapper\">\n<div class=\"service_icon\"> <a href=\"https:\/\/www.bocairent.org\/ca\/serveis-turistics\/\"><i class=\"fa fa-binoculars\"><\/i><\/a><\/div>\n<div class=\"service_title\">\n<h3>Turisme actiu<\/h3>\n<div class=\"service_content\">Coneix les activitats que ofereixen diferents empreses perqu\u00e8 la teua estada a Bocairent siga una experi\u00e8ncia completa.<\/div>\n<\/div>\n<\/div>\n<\/div>\n<div class=\"one_third \">\n<div class=\"service_wrapper\">\n<div class=\"service_icon\"><a href=\"on-menjar\/\"><i class=\"fa fa-cutlery\"><\/i><\/a><\/div>\n<div class=\"service_title\">\n<h3>On menjar<\/h3>\n<div class=\"service_content\">Disfruta de la rica gastronomia i assaboreix els caldos i licors de la zona. Tria entre els diferents bars i restaurants de qu\u00e8 disposa Bocairent.<\/p>\n<p>&nbsp;<\/p><\/div>\n<\/div>\n<\/div>\n<\/div>\n<div class=\"one_third last\">\n<div class=\"service_wrapper\">\n<div class=\"service_icon\"><a href=\"on-dormir\/\"><i class=\"fa fa-bed\"><\/i><\/a><\/div>\n<div class=\"service_title\">\n<h3>Per dormir<\/h3>\n<div class=\"service_content\">A Bocairent hi ha diferents modalitats d&#8217;allotjaments: hotels i cases rurals, apartaments i c\u00e0mpings, tant al nucli urb\u00e0 com a la serra.<\/p>\n<p>&nbsp;<\/p>\n<p>&nbsp;<\/p><\/div>\n<\/div>\n<\/div>\n<\/div>\n<p><br class=\"clear\"\/><\/div>\n<p><br class=\"clear\"\/><\/div>\n<\/div>\n<div class=\"one skinbg\" style=\"background:#8a3815\">\n<div class=\"page_content_wrapper promo_box_wrapper\">\n<div class=\"promo_box\" ><a href=\"https:\/\/www.bocairent.org\/ca\/bustia-de-suggeriments\/\" class=\"button transparent\">Enviar missatge<\/a><\/p>\n<h5>QU\u00c8 T&#039;HA SEMBLAT LA TEUA EXPERI\u00c8NCIA A BOCAIRENT?<\/h5>\n<p> <b>B\u00fastia de suggeriments i queixes del visitant.<\/b> Ajuda&#8217;ns a millorar la teua experi\u00e8ncia.<\/div>\n<\/div>\n<\/div>\n<div class=\"one skinbg\" style=\"background:#8a3815\">\n<div class=\"page_content_wrapper promo_box_wrapper\">\n<div class=\"promo_box\" ><a href=\"https:\/\/www.gva.es\/es\/inicio\/procedimientos?id_proc=1915\" class=\"button transparent\">Accedir<\/a><\/p>\n<h5>   <\/h5>\n<p><b>Acc\u00e9s al procediment per a la presentaci\u00f3 de den\u00fancies d&#8217;oferta il\u00b7legal, publicitat enganyosa i similars<\/b><\/p>\n<\/div>\n<\/div>\n<\/div>\n<div class=\"one skinbg\" style=\"background:#8a3815\">\n<div class=\"page_content_wrapper promo_box_wrapper\">\n<div class=\"promo_box\" ><a href=\"https:\/\/www.bocairent.org\/download\/12403\/?tmstv=1746635024\" class=\"button transparent\">Fullet<\/a><b>Drets i obligacions dels turistes<\/b><\/div>\n<\/div>\n<\/div>\n<div class=\"one withsmallpadding \" >\n<div class=\"page_content_wrapper fullwidth\" style=\"text-align:center\">\n<h2 class=\"ppb_title\">Not\u00edcies i activitats<\/h2>\n<div id=\"blog_grid_wrapper\" class=\"sidebar_content full_width ppb_blog_posts\" style=\"text-align:left\">\n<div id=\"post-12272\" class=\"post type-post hentry status-publish\">\n<div class=\"post_wrapper grid_layout\" style=\"background-image:url('https:\/\/www.bocairent.org\/wp-content\/uploads\/2025\/04\/Mercat-Renaixentista-2025-724x1024.jpg');\">\n<div class=\"parallax_overlay_header\"><\/div>\n<div class=\"grid_wrapper\">\n<div class=\"post_header grid\"><a href=\"https:\/\/www.bocairent.org\/ca\/2025\/04\/vi-mercat-renaixentista-del-18-al-21-dabril-2025\/\" title=\"VI Mercat Renaixentista del 18 al 21 d&#8217;Abril 2025\"><\/p>\n<h6>VI Mercat Renaixentista del 18 al 21 d&#8217;Abril 2025<\/h6>\n<p><\/a><\/p>\n<div class=\"post_detail\">\n\t\t\t        On&nbsp;4 abril, 2025\n\t\t\t    <\/div>\n<\/p><\/div>\n<\/p><\/div>\n<\/p><\/div>\n<\/div>\n<div id=\"post-12240\" class=\"post type-post hentry status-publish\">\n<div class=\"post_wrapper grid_layout\" style=\"background-image:url('https:\/\/www.bocairent.org\/wp-content\/uploads\/2025\/03\/IMG-20250318-WA0008-724x1024.jpg');\">\n<div class=\"parallax_overlay_header\"><\/div>\n<div class=\"grid_wrapper\">\n<div class=\"post_header grid\"><a href=\"https:\/\/www.bocairent.org\/ca\/2025\/03\/exposicio-cotxes-classics-2cv\/\" title=\"Exposici\u00f3 Cotxes Cl\u00e0ssics 2CV\"><\/p>\n<h6>Exposici\u00f3 Cotxes Cl\u00e0ssics 2CV<\/h6>\n<p><\/a><\/p>\n<div class=\"post_detail\">\n\t\t\t        On&nbsp;19 marzo, 2025\n\t\t\t    <\/div>\n<\/p><\/div>\n<\/p><\/div>\n<\/p><\/div>\n<\/div>\n<div id=\"post-12209\" class=\"post type-post hentry status-publish\">\n<div class=\"post_wrapper grid_layout\" style=\"background-image:url('https:\/\/www.bocairent.org\/wp-content\/uploads\/2025\/03\/Bocairent-Facebook-1.jpg');\">\n<div class=\"parallax_overlay_header\"><\/div>\n<div class=\"grid_wrapper\">\n<div class=\"post_header grid\"><a href=\"https:\/\/www.bocairent.org\/ca\/2025\/03\/horaris-especials-del-17-al-19-de-marc-2025\/\" title=\"Horaris especials del 17 al 19 de Mar\u00e7 2025\"><\/p>\n<h6>Horaris especials del 17 al 19 de Mar\u00e7 2025<\/h6>\n<p><\/a><\/p>\n<div class=\"post_detail\">\n\t\t\t        On&nbsp;13 marzo, 2025\n\t\t\t    <\/div>\n<\/p><\/div>\n<\/p><\/div>\n<\/p><\/div>\n<\/div>\n<div id=\"post-12167\" class=\"post type-post hentry status-publish\">\n<div class=\"post_wrapper grid_layout\" style=\"background-image:url('https:\/\/www.bocairent.org\/wp-content\/uploads\/2025\/02\/18.-MARC-2025-724x1024.jpg');\">\n<div class=\"parallax_overlay_header\"><\/div>\n<div class=\"grid_wrapper\">\n<div class=\"post_header grid\"><a href=\"https:\/\/www.bocairent.org\/ca\/2025\/02\/agenda-local-activitats-marc-2025\/\" title=\"Agenda Local Activitats Mar\u00e7 2025\"><\/p>\n<h6>Agenda Local Activitats Mar\u00e7 2025<\/h6>\n<p><\/a><\/p>\n<div class=\"post_detail\">\n\t\t\t        On&nbsp;28 febrero, 2025\n\t\t\t    <\/div>\n<\/p><\/div>\n<\/p><\/div>\n<\/p><\/div>\n<\/div>\n<\/div>\n<p><br class=\"clear\"\/><\/div>\n<\/div>\n","protected":false},"excerpt":{"rendered":"<p>Juga amb el m\u00f2bil i descarrega la gymkana AC\u00cd 12 enigmes 1,5 km de dist\u00e0ncia 60 minuts de duraci\u00f3 QU\u00c8 POTS VEURE A BOCAIRENT Monuments Conjunt historicoart\u00edstic El nucli antic, les covetes dels moros, la cava o pou de neu, la pla\u00e7a de bous, el monestir [&hellip;]<\/p>\n","protected":false},"author":1,"featured_media":0,"parent":0,"menu_order":0,"comment_status":"closed","ping_status":"closed","template":"","meta":{"footnotes":""},"class_list":["post-4482","page","type-page","status-publish","hentry"],"_links":{"self":[{"href":"https:\/\/www.bocairent.org\/ca\/wp-json\/wp\/v2\/pages\/4482","targetHints":{"allow":["GET"]}}],"collection":[{"href":"https:\/\/www.bocairent.org\/ca\/wp-json\/wp\/v2\/pages"}],"about":[{"href":"https:\/\/www.bocairent.org\/ca\/wp-json\/wp\/v2\/types\/page"}],"author":[{"embeddable":true,"href":"https:\/\/www.bocairent.org\/ca\/wp-json\/wp\/v2\/users\/1"}],"replies":[{"embeddable":true,"href":"https:\/\/www.bocairent.org\/ca\/wp-json\/wp\/v2\/comments?post=4482"}],"version-history":[{"count":46,"href":"https:\/\/www.bocairent.org\/ca\/wp-json\/wp\/v2\/pages\/4482\/revisions"}],"predecessor-version":[{"id":12556,"href":"https:\/\/www.bocairent.org\/ca\/wp-json\/wp\/v2\/pages\/4482\/revisions\/12556"}],"wp:attachment":[{"href":"https:\/\/www.bocairent.org\/ca\/wp-json\/wp\/v2\/media?parent=4482"}],"curies":[{"name":"wp","href":"https:\/\/api.w.org\/{rel}","templated":true}]}}