{"id":6563,"date":"2020-10-05T17:06:42","date_gmt":"2020-10-05T15:06:42","guid":{"rendered":"https:\/\/www.bocairent.org\/?page_id=6563"},"modified":"2023-07-04T13:08:20","modified_gmt":"2023-07-04T11:08:20","slug":"gastronomia","status":"publish","type":"page","link":"https:\/\/www.bocairent.org\/ca\/gastronomia\/","title":{"rendered":"Gastronomia"},"content":{"rendered":"<h3>La gastronomia bocairentina est\u00e0 clarament influ\u00efda per la Serra de Mariola i recull una part de la cuina valenciana i una altra de la manxega<\/h3>\n<div class=\"one_half \">\n<p><strong>Plats t\u00edpics s\u00f3n<\/strong>:<\/p>\n<ul>\n<li>el gaspatxo de la Mariola,<span class=\"Apple-converted-space\">\u00a0<\/span><\/li>\n<li>les bajoques farcides d\u2019arr\u00f2s,<span class=\"Apple-converted-space\">\u00a0<\/span><\/li>\n<li>el putxero,<span class=\"Apple-converted-space\">\u00a0<\/span><\/li>\n<li>l\u2019olleta,<span class=\"Apple-converted-space\">\u00a0<\/span><\/li>\n<li>la borra<\/li>\n<li>la pericana<\/li>\n<li>els arrossos en general.<span class=\"Apple-converted-space\">\u00a0<\/span><\/li>\n<li>Tamb\u00e9 s\u00f3n famosos els embotits.<\/li>\n<\/ul>\n<p>&nbsp;<\/p>\n<\/div>\n<div class=\"one_half last \">\n<p>Pel que fa als <strong>dol\u00e7os<\/strong>, cal destacar la influ\u00e8ncia que ens deixaren els \u00e0rabs. A Bocairent, cada moment de l\u2019any t\u00e9 les pastes i dol\u00e7os adients.<\/p>\n<p>I per acompanyar aquests dol\u00e7os res millor que <strong>l\u2019herbero<\/strong>. Aquest licor tradicional est\u00e0 elaborat a base d\u2019an\u00eds dol\u00e7 i sec aromatitzat amb diferents herbes de la Serra.<\/p>\n<p>Bocairent compta amb diferents\u00a0<a href=\"https:\/\/www.bocairent.org\/ca\/on-menjar\/\"><strong>bars i restaurants<\/strong><\/a>, on poder degustar la seua rica cultura gastron\u00f2mica.<\/p>\n<\/div>\n<div class=\"slider_wrapper\"><div class=\"flexslider\" data-height=\"750\"><ul class=\"slides\"><li><img decoding=\"async\" src=\"https:\/\/www.bocairent.org\/wp-content\/uploads\/2020\/10\/Bajoca-Farcida-960x660.jpg\" alt=\"\"\/><\/li><li><img decoding=\"async\" src=\"https:\/\/www.bocairent.org\/wp-content\/uploads\/2020\/10\/pericana2-960x666.jpg\" alt=\"\"\/><\/li><li><img decoding=\"async\" src=\"https:\/\/www.bocairent.org\/wp-content\/uploads\/2020\/10\/putxero-960x642.jpg\" alt=\"\"\/><\/li><li><img decoding=\"async\" src=\"https:\/\/www.bocairent.org\/wp-content\/uploads\/2020\/10\/olleta-960x638.jpg\" alt=\"\"\/><\/li><li><img decoding=\"async\" src=\"https:\/\/www.bocairent.org\/wp-content\/uploads\/2020\/10\/Borreta-960x625.jpg\" alt=\"\"\/><\/li><li><img decoding=\"async\" src=\"https:\/\/www.bocairent.org\/wp-content\/uploads\/2020\/10\/herbero.jpg\" alt=\"\"\/><\/li><\/ul><\/div><\/div>\n<div class=\"two_third\">\n<p>&nbsp;<\/p>\n<p>&nbsp;<\/p>\n<h4>Concurs gastron\u00f2mic de Ca\u00e7a i Bolets<\/h4>\n<p>Al mes de novembre se celebra el Concurs gastron\u00f2mic de Ca\u00e7a i Bolets. El concurs consta de dos parts: la primera, en la que s\u2019elabora un plat de \u201cborreta\u201d, i la segona, en la que els participants preparen un plat amb carn de ca\u00e7a i diferents esp\u00e8cies de bolets. Aquest esdeveniment ja s\u2019ha fet un espai al calendari bocairent\u00ed despr\u00e9s de m\u00e9s de deu edicions.<\/p>\n<p>Les receptes dels plats que han participat al concurs durant els anys 2014, 2015 i 2016 s\u2019han recollit a un receptari que podeu descarregar-vos. I, si eres manetes, tamb\u00e9 podr\u00e0s provar de cuinar-los tu mateix.<\/p>\n<p>&nbsp;<\/p>\n<a class=\"button small \" style=\"background-color:#f4ae40 !important;color:#ffffff !important;border:1px solid #f4ae40 !important;\" onclick=\"window.open('https:\/\/www.bocairent.org\/wp-content\/uploads\/2017\/12\/Receptari_boletsbaixa.pdf', '_self')\">Descarregar receptari<\/a>\n<p>&nbsp;<\/p>\n<\/div>\n<div class=\"one_third last\">\n<p>&nbsp;<\/p>\n<p>&nbsp;<\/p>\n<p><img loading=\"lazy\" decoding=\"async\" class=\"alignnone wp-image-6591 size-medium\" src=\"https:\/\/www.bocairent.org\/wp-content\/uploads\/2020\/10\/receptari-bolets-279x300.jpg\" alt=\"receptari-bolets\" width=\"279\" height=\"300\" srcset=\"https:\/\/www.bocairent.org\/wp-content\/uploads\/2020\/10\/receptari-bolets-279x300.jpg 279w, https:\/\/www.bocairent.org\/wp-content\/uploads\/2020\/10\/receptari-bolets-139x150.jpg 139w, https:\/\/www.bocairent.org\/wp-content\/uploads\/2020\/10\/receptari-bolets-951x1024.jpg 951w, https:\/\/www.bocairent.org\/wp-content\/uploads\/2020\/10\/receptari-bolets-960x1034.jpg 960w, https:\/\/www.bocairent.org\/wp-content\/uploads\/2020\/10\/receptari-bolets-440x474.jpg 440w, https:\/\/www.bocairent.org\/wp-content\/uploads\/2020\/10\/receptari-bolets.jpg 1000w\" sizes=\"auto, (max-width: 279px) 100vw, 279px\" \/><\/p>\n<\/div>\n<p>&nbsp;<\/p>\n","protected":false},"excerpt":{"rendered":"<p>La gastronomia bocairentina est\u00e0 clarament influ\u00efda per la Serra de Mariola i recull una part de la cuina valenciana i una altra de la manxega &nbsp;<\/p>\n","protected":false},"author":1,"featured_media":6581,"parent":0,"menu_order":0,"comment_status":"closed","ping_status":"closed","template":"page-destination.php","meta":{"footnotes":""},"class_list":["post-6563","page","type-page","status-publish","has-post-thumbnail","hentry"],"_links":{"self":[{"href":"https:\/\/www.bocairent.org\/ca\/wp-json\/wp\/v2\/pages\/6563","targetHints":{"allow":["GET"]}}],"collection":[{"href":"https:\/\/www.bocairent.org\/ca\/wp-json\/wp\/v2\/pages"}],"about":[{"href":"https:\/\/www.bocairent.org\/ca\/wp-json\/wp\/v2\/types\/page"}],"author":[{"embeddable":true,"href":"https:\/\/www.bocairent.org\/ca\/wp-json\/wp\/v2\/users\/1"}],"replies":[{"embeddable":true,"href":"https:\/\/www.bocairent.org\/ca\/wp-json\/wp\/v2\/comments?post=6563"}],"version-history":[{"count":18,"href":"https:\/\/www.bocairent.org\/ca\/wp-json\/wp\/v2\/pages\/6563\/revisions"}],"predecessor-version":[{"id":10859,"href":"https:\/\/www.bocairent.org\/ca\/wp-json\/wp\/v2\/pages\/6563\/revisions\/10859"}],"wp:featuredmedia":[{"embeddable":true,"href":"https:\/\/www.bocairent.org\/ca\/wp-json\/wp\/v2\/media\/6581"}],"wp:attachment":[{"href":"https:\/\/www.bocairent.org\/ca\/wp-json\/wp\/v2\/media?parent=6563"}],"curies":[{"name":"wp","href":"https:\/\/api.w.org\/{rel}","templated":true}]}}