{"id":9816,"date":"2022-08-31T14:04:06","date_gmt":"2022-08-31T12:04:06","guid":{"rendered":"https:\/\/www.bocairent.org\/?page_id=9816"},"modified":"2022-08-31T14:05:00","modified_gmt":"2022-08-31T12:05:00","slug":"bustia-de-suggeriments","status":"publish","type":"page","link":"https:\/\/www.bocairent.org\/ca\/bustia-de-suggeriments\/","title":{"rendered":"B\u00fastia de suggeriments"},"content":{"rendered":"<div class=\"two_third\">\n\n<div class=\"wpcf7 no-js\" id=\"wpcf7-f9814-o1\" lang=\"es-ES\" dir=\"ltr\" data-wpcf7-id=\"9814\">\n<div class=\"screen-reader-response\"><p role=\"status\" aria-live=\"polite\" aria-atomic=\"true\"><\/p> <ul><\/ul><\/div>\n<form action=\"\/ca\/wp-json\/wp\/v2\/pages\/9816#wpcf7-f9814-o1\" method=\"post\" class=\"wpcf7-form init\" aria-label=\"Formulario de contacto\" novalidate=\"novalidate\" data-status=\"init\">\n<fieldset class=\"hidden-fields-container\"><input type=\"hidden\" name=\"_wpcf7\" value=\"9814\" \/><input type=\"hidden\" name=\"_wpcf7_version\" value=\"6.1.5\" \/><input type=\"hidden\" name=\"_wpcf7_locale\" value=\"es_ES\" \/><input type=\"hidden\" name=\"_wpcf7_unit_tag\" value=\"wpcf7-f9814-o1\" \/><input type=\"hidden\" name=\"_wpcf7_container_post\" value=\"0\" \/><input type=\"hidden\" name=\"_wpcf7_posted_data_hash\" value=\"\" \/><input type=\"hidden\" name=\"_wpcf7_recaptcha_response\" value=\"\" \/>\n<\/fieldset>\n<p><label> Nom i cognoms<br \/>\n<span class=\"wpcf7-form-control-wrap\" data-name=\"nom\"><input size=\"40\" maxlength=\"400\" class=\"wpcf7-form-control wpcf7-text wpcf7-validates-as-required\" aria-required=\"true\" aria-invalid=\"false\" value=\"\" type=\"text\" name=\"nom\" \/><\/span> <\/label>\n<\/p>\n<p><label> Correu electr\u00f2nic<br \/>\n<span class=\"wpcf7-form-control-wrap\" data-name=\"email\"><input size=\"40\" maxlength=\"400\" class=\"wpcf7-form-control wpcf7-email wpcf7-validates-as-required wpcf7-text wpcf7-validates-as-email\" aria-required=\"true\" aria-invalid=\"false\" value=\"\" type=\"email\" name=\"email\" \/><\/span> <\/label>\n<\/p>\n<p><span class=\"wpcf7-form-control-wrap\" data-name=\"tipus\"><span class=\"wpcf7-form-control wpcf7-radio\"><span class=\"wpcf7-list-item first\"><label><input type=\"radio\" name=\"tipus\" value=\"queixa\" checked=\"checked\" \/><span class=\"wpcf7-list-item-label\">queixa<\/span><\/label><\/span><span class=\"wpcf7-list-item\"><label><input type=\"radio\" name=\"tipus\" value=\"suggeriment\" \/><span class=\"wpcf7-list-item-label\">suggeriment<\/span><\/label><\/span><span class=\"wpcf7-list-item last\"><label><input type=\"radio\" name=\"tipus\" value=\"agra\u00efment\" \/><span class=\"wpcf7-list-item-label\">agra\u00efment<\/span><\/label><\/span><\/span><\/span>\n<\/p>\n<p><label> El teu missatge<br \/>\n<span class=\"wpcf7-form-control-wrap\" data-name=\"missatge\"><textarea cols=\"40\" rows=\"10\" maxlength=\"2000\" class=\"wpcf7-form-control wpcf7-textarea\" aria-invalid=\"false\" name=\"missatge\"><\/textarea><\/span> <\/label>\n<\/p>\n<p><span class=\"wpcf7-form-control-wrap\" data-name=\"privacitat\"><span class=\"wpcf7-form-control wpcf7-acceptance optional\"><span class=\"wpcf7-list-item\"><input type=\"checkbox\" name=\"privacitat\" value=\"1\" aria-invalid=\"false\" \/><\/span><\/span><\/span> He llegit i accepte la <a href=\"\/politica-de-privacidad\/\" target=_blank>pol\u00edtica de privacitat<\/a>.\n<\/p>\n<p><small>Les dades de car\u00e0cter personal que constin a la consulta seran tractades per TURISME DE BOCAIRENT i incorporades a l'activitat de tractament CONTACTE, la finalitat de les quals \u00e9s atendre les teues sol\u00b7licituds, peticions o consultes rebudes des del web, mitjan\u00e7ant correu electr\u00f2nic o telef\u00f2nic. Donar resposta a la teua sol\u00b7licitud i fer-ne un seguiment posterior. La legitimaci\u00f3 del tractament \u00e9s el teu consentiment. Les teues dades no seran cedides a tercers. Tens dret a accedir, rectificar i suprimir les teues dades, aix\u00ed com altres drets tal i com s'explica a la nostra <a href=\"\/politica-de-privacidad\/\" target=_blank>pol\u00edtica de privacitat<\/a>.<\/small>\n<\/p>\n<p><input class=\"wpcf7-form-control wpcf7-submit has-spinner\" type=\"submit\" value=\"Enviar\" \/>\n<\/p><div class=\"wpcf7-response-output\" aria-hidden=\"true\"><\/div>\n<\/form>\n<\/div>\n\n<\/div>\n<div class=\"one_third last\">\n<h4><strong><a class=\"\" href=\"https:\/\/www.bocairent.org\/ca\/drets-i-obligacions-del-turista\/\">Drets i obligacions del turista<\/a><\/strong><\/h4>\n<p>&nbsp;<\/p>\n<h4>CONTACTA AMB NOSALTRES<\/h4>\n<p>Tourist-Info Bocairent<br \/>\nPla\u00e7a de l&#8217;Ajuntament, 2<br \/>\n46880 Bocairent (Valencia)<br \/>\nTel.: 96 290 50 62<br \/>\n<a href=\"mailto:turisme@bocairent.es\">turisme@bocairent.es<\/a><\/p>\n<\/div>\n","protected":false},"excerpt":{"rendered":"","protected":false},"author":1,"featured_media":7660,"parent":0,"menu_order":0,"comment_status":"closed","ping_status":"closed","template":"","meta":{"footnotes":""},"class_list":["post-9816","page","type-page","status-publish","has-post-thumbnail","hentry"],"_links":{"self":[{"href":"https:\/\/www.bocairent.org\/ca\/wp-json\/wp\/v2\/pages\/9816","targetHints":{"allow":["GET"]}}],"collection":[{"href":"https:\/\/www.bocairent.org\/ca\/wp-json\/wp\/v2\/pages"}],"about":[{"href":"https:\/\/www.bocairent.org\/ca\/wp-json\/wp\/v2\/types\/page"}],"author":[{"embeddable":true,"href":"https:\/\/www.bocairent.org\/ca\/wp-json\/wp\/v2\/users\/1"}],"replies":[{"embeddable":true,"href":"https:\/\/www.bocairent.org\/ca\/wp-json\/wp\/v2\/comments?post=9816"}],"version-history":[{"count":3,"href":"https:\/\/www.bocairent.org\/ca\/wp-json\/wp\/v2\/pages\/9816\/revisions"}],"predecessor-version":[{"id":9819,"href":"https:\/\/www.bocairent.org\/ca\/wp-json\/wp\/v2\/pages\/9816\/revisions\/9819"}],"wp:featuredmedia":[{"embeddable":true,"href":"https:\/\/www.bocairent.org\/ca\/wp-json\/wp\/v2\/media\/7660"}],"wp:attachment":[{"href":"https:\/\/www.bocairent.org\/ca\/wp-json\/wp\/v2\/media?parent=9816"}],"curies":[{"name":"wp","href":"https:\/\/api.w.org\/{rel}","templated":true}]}}